{"id":389,"date":"2025-08-08T16:44:19","date_gmt":"2025-08-08T14:44:19","guid":{"rendered":"https:\/\/enkicapital.ch\/?page_id=389"},"modified":"2025-09-28T23:50:34","modified_gmt":"2025-09-28T21:50:34","slug":"strategie","status":"publish","type":"page","link":"https:\/\/enkicapital.ch\/fr\/strategie\/","title":{"rendered":"Strat\u00e9gie"},"content":{"rendered":"<section class=\"block block-accordion\">\n\t<div class=\"block-inner block-accordion-inner\">\n\n\t\t<div class=\"accordions\">\n\t\t\t\n\t\t\t\t<div class=\"accordion do-open\">\n\t\t\t\t\t<button class=\"accordion-button\" type=\"button\" aria-expanded=\"false\" aria-controls=\"accordion-69e1e52edc47f-0\">\n\t\t\t\t\t\t<span class=\"accordion-icon\">\n\t\t\t\t\t\t\t\t\t\t\t\t\t\t\t<img width=\"1\" height=\"1\" src=\"https:\/\/enkicapital.ch\/app\/uploads\/2025\/08\/partnership.svg\" class=\"attachment-icon size-icon\" alt=\"\" \/>\t\t\t\t\t\t\t\t\t\t\t\t\t<\/span>\n\t\t\t\t\t\tPartenariat\t\t\t\t\t<\/button>\n\n\t\t\t\t\t<div class=\"accordion-content\" id=\"69e1e52edc47f\">\n\t\t\t\t\t\t<div class=\"accordion-content-inner\">\n\t\t\t\t\t\t\t<h2>Nous nous associons aux entrepreneurs locaux<\/h2>\n\n\t\t\t\t\t\t\t<p>Chez Enki, notre engagement ne se limite pas \u00e0 soutenir la croissance \u00e0 long terme des PME suisses\u202f: nous les accompagnons \u00e9galement dans leurs d\u00e9fis de tous les jours, car c\u2019est la r\u00e9alit\u00e9 de l\u2019entrepreneuriat.<br \/>\r\n<br \/>\r\nNous sommes convaincus que la vraie valeur na\u00eet de la collaboration au quotidien. Notre \u00e9quipe travaille main dans la main avec les dirigeants de PME, les aidant \u00e0 surmonter les enjeux op\u00e9rationnels, financiers et commerciaux d\u00e8s qu\u2019ils apparaissent. Pr\u00e9sents et proactifs, nous soutenons le management afin de prendre, jour apr\u00e8s jour, les d\u00e9cisions les plus pertinentes pour l\u2019entreprise.<\/p>\n\t\t\t\t\t\t<\/div>\n\t\t\t\t\t<\/div>\n\t\t\t\t<\/div>\n\n\t\t\t\n\t\t\t\t<div class=\"accordion do-open\">\n\t\t\t\t\t<button class=\"accordion-button\" type=\"button\" aria-expanded=\"false\" aria-controls=\"accordion-69e1e52edc47f-0\">\n\t\t\t\t\t\t<span class=\"accordion-icon\">\n\t\t\t\t\t\t\t\t\t\t\t\t\t\t\t<img width=\"1\" height=\"1\" src=\"https:\/\/enkicapital.ch\/app\/uploads\/2025\/08\/professionalization.svg\" class=\"attachment-icon size-icon\" alt=\"\" \/>\t\t\t\t\t\t\t\t\t\t\t\t\t<\/span>\n\t\t\t\t\t\tProfessionnalisation\t\t\t\t\t<\/button>\n\n\t\t\t\t\t<div class=\"accordion-content\" id=\"69e1e52edc47f\">\n\t\t\t\t\t\t<div class=\"accordion-content-inner\">\n\t\t\t\t\t\t\t<h2>Nous professionnalisons et renfor\u00e7ons les entreprises<\/h2>\n\n\t\t\t\t\t\t\t<p>Nous concentrons nos efforts sur l\u2019optimisation des pratiques op\u00e9rationnelles et le renforcement des bases strat\u00e9giques, afin de permettre aux PME suisses de r\u00e9aliser  une croissance durable par des initiatives concr\u00e8tes et des opportunit\u00e9s cibl\u00e9es de d\u00e9veloppement externe (buy-and-build).<br \/>\r\n<br \/>\r\nNotre engagement d\u00e9passe largement l\u2019apport financier\u202f: nous agissons en partenaire strat\u00e9gique. Nous apportons des solutions concr\u00e8tes, une expertise op\u00e9rationnelle \u00e9prouv\u00e9e et l\u2019acc\u00e8s \u00e0 un r\u00e9seau influent, pour aider les PME \u00e0 optimiser leurs processus, adopter l\u2019innovation technologique et saisir de nouvelles opportunit\u00e9s de march\u00e9.<\/p>\n\t\t\t\t\t\t<\/div>\n\t\t\t\t\t<\/div>\n\t\t\t\t<\/div>\n\n\t\t\t\n\t\t\t\t<div class=\"accordion do-open\">\n\t\t\t\t\t<button class=\"accordion-button\" type=\"button\" aria-expanded=\"false\" aria-controls=\"accordion-69e1e52edc47f-0\">\n\t\t\t\t\t\t<span class=\"accordion-icon\">\n\t\t\t\t\t\t\t\t\t\t\t\t\t\t\t<img width=\"1\" height=\"1\" src=\"https:\/\/enkicapital.ch\/app\/uploads\/2025\/08\/people-first.svg\" class=\"attachment-icon size-icon\" alt=\"\" \/>\t\t\t\t\t\t\t\t\t\t\t\t\t<\/span>\n\t\t\t\t\t\tL\u2019humain en priorit\u00e9\t\t\t\t\t<\/button>\n\n\t\t\t\t\t<div class=\"accordion-content\" id=\"69e1e52edc47f\">\n\t\t\t\t\t\t<div class=\"accordion-content-inner\">\n\t\t\t\t\t\t\t<h2>Nous investissons dans l\u2019humain<\/h2>\n\n\t\t\t\t\t\t\t<p>Les indicateurs financiers ne racontent qu\u2019une partie de l\u2019histoire\u202f; ils ne r\u00e9v\u00e8lent pas la v\u00e9ritable essence de ce qui fait la r\u00e9ussite d\u2019une soci\u00e9t\u00e9. Pour nous, le facteur humain est le v\u00e9ritable catalyseur d\u2019innovation, de r\u00e9silience et de croissance. En collaborant \u00e9troitement avec les fondateurs, les dirigeants et les \u00e9quipes, nous r\u00e9v\u00e9lons des leviers de valeur qui d\u00e9passent le cadre du bilan et des tendances du march\u00e9.<br \/>\r\n<br \/>\r\nNous devenons partenaires de confiance, mentors et collaborateurs. Nous investissons dans le d\u00e9veloppement du leadership, favorisons des cultures inclusives et soutenons les \u00e9quipes pour relever les d\u00e9fis et saisir de nouvelles opportunit\u00e9s. Notre succ\u00e8s se refl\u00e8te autant dans la croissance et l\u2019\u00e9panouissement des personnes que nous accompagnons que dans la performance financi\u00e8re de l\u2019entreprise.<\/p>\n\t\t\t\t\t\t<\/div>\n\t\t\t\t\t<\/div>\n\t\t\t\t<\/div>\n\n\t\t\t\t\t<\/div>\n\n\t<\/div>\n<\/section>\n<section class=\"block block-icon-list\">\n\t<div class=\"block-inner block-icon-list-inner\">\n\n\t\t\t\t\t<h2 class=\"block-title fade-in\">Crit\u00e8res d\u2019investissement<\/h2>\n\t\t\n\t\t<div class=\"icon-list-wrapper\">\n\t\t\t<ul class=\"icon-list\">\n\t\t\t\t\n\t\t\t\t\t<li class=\"icon-item fade-in\">\n\t\t\t\t\t\t\t\t\t\t\t\t\t<div class=\"icon\">\n\t\t\t\t\t\t\t\t<img width=\"1\" height=\"1\" src=\"https:\/\/enkicapital.ch\/app\/uploads\/2025\/09\/swiss_EFEFEF.svg\" class=\"attachment-icon size-icon\" alt=\"\" \/>\t\t\t\t\t\t\t<\/div>\n\t\t\t\t\t\t\n\t\t\t\t\t\t<h3 class=\"title\">Entreprises Suisses<\/h3>\n\n\t\t\t\t\t\t<p>Nous investissons exclusivement dans des PME dont le si\u00e8ge est en Suisse<\/p>\n\n\t\t\t\t\t<\/li>\n\n\t\t\t\t\n\t\t\t\t\t<li class=\"icon-item fade-in\">\n\t\t\t\t\t\t\t\t\t\t\t\t\t<div class=\"icon\">\n\t\t\t\t\t\t\t\t<img width=\"1\" height=\"1\" src=\"https:\/\/enkicapital.ch\/app\/uploads\/2025\/09\/collapse-horizontal-fill-1.svg\" class=\"attachment-icon size-icon\" alt=\"\" \/>\t\t\t\t\t\t\t<\/div>\n\t\t\t\t\t\t\n\t\t\t\t\t\t<h3 class=\"title\">CHF 5m-50m<\/h3>\n\n\t\t\t\t\t\t<p>Nous ciblons les entreprises dont le chiffre d\u2019affaires annuel est compris entre CHF 5m et CHF 50m<\/p>\n\n\t\t\t\t\t<\/li>\n\n\t\t\t\t\n\t\t\t\t\t<li class=\"icon-item fade-in\">\n\t\t\t\t\t\t\t\t\t\t\t\t\t<div class=\"icon\">\n\t\t\t\t\t\t\t\t<img width=\"1\" height=\"1\" src=\"https:\/\/enkicapital.ch\/app\/uploads\/2025\/09\/share-circle-fill.svg\" class=\"attachment-icon size-icon\" alt=\"\" \/>\t\t\t\t\t\t\t<\/div>\n\t\t\t\t\t\t\n\t\t\t\t\t\t<h3 class=\"title\">Profitable<\/h3>\n\n\t\t\t\t\t\t<p>Nous nous concentrons sur les entreprises financi\u00e8rement profitables<\/p>\n\n\t\t\t\t\t<\/li>\n\n\t\t\t\t\n\t\t\t\t\t<li class=\"icon-item fade-in\">\n\t\t\t\t\t\t\t\t\t\t\t\t\t<div class=\"icon\">\n\t\t\t\t\t\t\t\t<img width=\"1\" height=\"1\" src=\"https:\/\/enkicapital.ch\/app\/uploads\/2025\/09\/focus-3-line.svg\" class=\"attachment-icon size-icon\" alt=\"\" \/>\t\t\t\t\t\t\t<\/div>\n\t\t\t\t\t\t\n\t\t\t\t\t\t<h3 class=\"title\">Secteurs Privil\u00e9gi\u00e9s<\/h3>\n\n\t\t\t\t\t\t<p>Nous investissons dans les secteurs de l\u2019IT, de la sant\u00e9, des services aux entreprises et de la consommation<\/p>\n\n\t\t\t\t\t<\/li>\n\n\t\t\t\t\n\t\t\t\t\t<li class=\"icon-item fade-in\">\n\t\t\t\t\t\t\t\t\t\t\t\t\t<div class=\"icon\">\n\t\t\t\t\t\t\t\t<img width=\"1\" height=\"1\" src=\"https:\/\/enkicapital.ch\/app\/uploads\/2025\/09\/quill-pen-line.svg\" class=\"attachment-icon size-icon\" alt=\"\" \/>\t\t\t\t\t\t\t<\/div>\n\t\t\t\t\t\t\n\t\t\t\t\t\t<h3 class=\"title\">Mod\u00e8le \u00abAsset-Light\u00bb<\/h3>\n\n\t\t\t\t\t\t<p>Nous privil\u00e9gions les entreprises avec des besoins limit\u00e9s en immobilisations mat\u00e9rielles<\/p>\n\n\t\t\t\t\t<\/li>\n\n\t\t\t\t\n\t\t\t\t\t<li class=\"icon-item fade-in\">\n\t\t\t\t\t\t\t\t\t\t\t\t\t<div class=\"icon\">\n\t\t\t\t\t\t\t\t<img width=\"1\" height=\"1\" src=\"https:\/\/enkicapital.ch\/app\/uploads\/2025\/09\/stairs-line.svg\" class=\"attachment-icon size-icon\" alt=\"\" \/>\t\t\t\t\t\t\t<\/div>\n\t\t\t\t\t\t\n\t\t\t\t\t\t<h3 class=\"title\">R\u00e9silience et Croissance<\/h3>\n\n\t\t\t\t\t\t<p>Nous s\u00e9lectionnons des entreprises dot\u00e9es de mod\u00e8les d\u2019affaires robustes, offrant un fort potentiel de croissance<\/p>\n\n\t\t\t\t\t<\/li>\n\n\t\t\t\t\t\t\t<\/ul>\n\t\t<\/div>\n\n\t<\/div>\n<\/section>\n","protected":false},"excerpt":{"rendered":"Partenariat Nous nous associons aux entrepreneurs locaux Chez Enki, notre engagement ne se limite pas \u00e0 soutenir la croissance \u00e0 long terme des PME suisses\u202f: nous les accompagnons \u00e9galement dans leurs d\u00e9fis de tous les jours, car c\u2019est la r\u00e9alit\u00e9 de l\u2019entrepreneuriat. Nous sommes convaincus que la vraie valeur na\u00eet de la collaboration au quotidien.","protected":false},"author":3,"featured_media":0,"parent":0,"menu_order":0,"comment_status":"closed","ping_status":"closed","template":"","meta":{"_acf_changed":false,"footnotes":""},"class_list":["post-389","page","type-page","status-publish","hentry"],"acf":[],"yoast_head":"<!-- This site is optimized with the Yoast SEO plugin v25.8 - https:\/\/yoast.com\/wordpress\/plugins\/seo\/ -->\n<title>Enki Capital \u2013 Strat\u00e9gie<\/title>\n<meta name=\"description\" content=\"D\u00e9couvrez notre strat\u00e9gie d&#039;investissement. Expertise suisse, soutien authentique, croissance durable. Nous sommes Enki Capital.\" \/>\n<meta name=\"robots\" content=\"index, follow, max-snippet:-1, max-image-preview:large, max-video-preview:-1\" \/>\n<link rel=\"canonical\" href=\"https:\/\/enkicapital.ch\/fr\/strategie\/\" \/>\n<meta property=\"og:locale\" content=\"fr_FR\" \/>\n<meta property=\"og:type\" content=\"article\" \/>\n<meta property=\"og:title\" content=\"Enki Capital \u2013 Strat\u00e9gie\" \/>\n<meta property=\"og:description\" content=\"D\u00e9couvrez notre strat\u00e9gie d&#039;investissement. Expertise suisse, soutien authentique, croissance durable. Nous sommes Enki Capital.\" \/>\n<meta property=\"og:url\" content=\"https:\/\/enkicapital.ch\/fr\/strategie\/\" \/>\n<meta property=\"og:site_name\" content=\"Enki Capital\" \/>\n<meta property=\"article:modified_time\" content=\"2025-09-28T21:50:34+00:00\" \/>\n<meta name=\"twitter:card\" content=\"summary_large_image\" \/>\n<meta name=\"twitter:label1\" content=\"Dur\u00e9e de lecture estim\u00e9e\" \/>\n\t<meta name=\"twitter:data1\" content=\"2 minutes\" \/>\n<script type=\"application\/ld+json\" class=\"yoast-schema-graph\">{\"@context\":\"https:\/\/schema.org\",\"@graph\":[{\"@type\":\"WebPage\",\"@id\":\"https:\/\/enkicapital.ch\/fr\/strategie\/\",\"url\":\"https:\/\/enkicapital.ch\/fr\/strategie\/\",\"name\":\"Enki Capital \u2013 Strat\u00e9gie\",\"isPartOf\":{\"@id\":\"https:\/\/enkicapital.ch\/fr\/#website\"},\"datePublished\":\"2025-08-08T14:44:19+00:00\",\"dateModified\":\"2025-09-28T21:50:34+00:00\",\"description\":\"D\u00e9couvrez notre strat\u00e9gie d'investissement. Expertise suisse, soutien authentique, croissance durable. Nous sommes Enki Capital.\",\"breadcrumb\":{\"@id\":\"https:\/\/enkicapital.ch\/fr\/strategie\/#breadcrumb\"},\"inLanguage\":\"fr-FR\",\"potentialAction\":[{\"@type\":\"ReadAction\",\"target\":[\"https:\/\/enkicapital.ch\/fr\/strategie\/\"]}]},{\"@type\":\"BreadcrumbList\",\"@id\":\"https:\/\/enkicapital.ch\/fr\/strategie\/#breadcrumb\",\"itemListElement\":[{\"@type\":\"ListItem\",\"position\":1,\"name\":\"Home\",\"item\":\"https:\/\/enkicapital.ch\/fr\/\"},{\"@type\":\"ListItem\",\"position\":2,\"name\":\"Strat\u00e9gie\"}]},{\"@type\":\"WebSite\",\"@id\":\"https:\/\/enkicapital.ch\/fr\/#website\",\"url\":\"https:\/\/enkicapital.ch\/fr\/\",\"name\":\"Enki Capital\",\"description\":\"Swiss-focused Investment Firm\",\"potentialAction\":[{\"@type\":\"SearchAction\",\"target\":{\"@type\":\"EntryPoint\",\"urlTemplate\":\"https:\/\/enkicapital.ch\/fr\/?s={search_term_string}\"},\"query-input\":{\"@type\":\"PropertyValueSpecification\",\"valueRequired\":true,\"valueName\":\"search_term_string\"}}],\"inLanguage\":\"fr-FR\"}]}<\/script>\n<!-- \/ Yoast SEO plugin. -->","yoast_head_json":{"title":"Enki Capital \u2013 Strat\u00e9gie","description":"D\u00e9couvrez notre strat\u00e9gie d'investissement. Expertise suisse, soutien authentique, croissance durable. Nous sommes Enki Capital.","robots":{"index":"index","follow":"follow","max-snippet":"max-snippet:-1","max-image-preview":"max-image-preview:large","max-video-preview":"max-video-preview:-1"},"canonical":"https:\/\/enkicapital.ch\/fr\/strategie\/","og_locale":"fr_FR","og_type":"article","og_title":"Enki Capital \u2013 Strat\u00e9gie","og_description":"D\u00e9couvrez notre strat\u00e9gie d'investissement. Expertise suisse, soutien authentique, croissance durable. Nous sommes Enki Capital.","og_url":"https:\/\/enkicapital.ch\/fr\/strategie\/","og_site_name":"Enki Capital","article_modified_time":"2025-09-28T21:50:34+00:00","twitter_card":"summary_large_image","twitter_misc":{"Dur\u00e9e de lecture estim\u00e9e":"2 minutes"},"schema":{"@context":"https:\/\/schema.org","@graph":[{"@type":"WebPage","@id":"https:\/\/enkicapital.ch\/fr\/strategie\/","url":"https:\/\/enkicapital.ch\/fr\/strategie\/","name":"Enki Capital \u2013 Strat\u00e9gie","isPartOf":{"@id":"https:\/\/enkicapital.ch\/fr\/#website"},"datePublished":"2025-08-08T14:44:19+00:00","dateModified":"2025-09-28T21:50:34+00:00","description":"D\u00e9couvrez notre strat\u00e9gie d'investissement. Expertise suisse, soutien authentique, croissance durable. Nous sommes Enki Capital.","breadcrumb":{"@id":"https:\/\/enkicapital.ch\/fr\/strategie\/#breadcrumb"},"inLanguage":"fr-FR","potentialAction":[{"@type":"ReadAction","target":["https:\/\/enkicapital.ch\/fr\/strategie\/"]}]},{"@type":"BreadcrumbList","@id":"https:\/\/enkicapital.ch\/fr\/strategie\/#breadcrumb","itemListElement":[{"@type":"ListItem","position":1,"name":"Home","item":"https:\/\/enkicapital.ch\/fr\/"},{"@type":"ListItem","position":2,"name":"Strat\u00e9gie"}]},{"@type":"WebSite","@id":"https:\/\/enkicapital.ch\/fr\/#website","url":"https:\/\/enkicapital.ch\/fr\/","name":"Enki Capital","description":"Swiss-focused Investment Firm","potentialAction":[{"@type":"SearchAction","target":{"@type":"EntryPoint","urlTemplate":"https:\/\/enkicapital.ch\/fr\/?s={search_term_string}"},"query-input":{"@type":"PropertyValueSpecification","valueRequired":true,"valueName":"search_term_string"}}],"inLanguage":"fr-FR"}]}},"_links":{"self":[{"href":"https:\/\/enkicapital.ch\/fr\/wp-json\/wp\/v2\/pages\/389","targetHints":{"allow":["GET"]}}],"collection":[{"href":"https:\/\/enkicapital.ch\/fr\/wp-json\/wp\/v2\/pages"}],"about":[{"href":"https:\/\/enkicapital.ch\/fr\/wp-json\/wp\/v2\/types\/page"}],"author":[{"embeddable":true,"href":"https:\/\/enkicapital.ch\/fr\/wp-json\/wp\/v2\/users\/3"}],"replies":[{"embeddable":true,"href":"https:\/\/enkicapital.ch\/fr\/wp-json\/wp\/v2\/comments?post=389"}],"version-history":[{"count":3,"href":"https:\/\/enkicapital.ch\/fr\/wp-json\/wp\/v2\/pages\/389\/revisions"}],"predecessor-version":[{"id":606,"href":"https:\/\/enkicapital.ch\/fr\/wp-json\/wp\/v2\/pages\/389\/revisions\/606"}],"wp:attachment":[{"href":"https:\/\/enkicapital.ch\/fr\/wp-json\/wp\/v2\/media?parent=389"}],"curies":[{"name":"wp","href":"https:\/\/api.w.org\/{rel}","templated":true}]}}