{"id":428,"date":"2025-08-08T16:44:36","date_gmt":"2025-08-08T14:44:36","guid":{"rendered":"https:\/\/enkicapital.ch\/contact\/"},"modified":"2025-10-01T13:21:18","modified_gmt":"2025-10-01T11:21:18","slug":"contact","status":"publish","type":"page","link":"https:\/\/enkicapital.ch\/fr\/contact\/","title":{"rendered":"Contact"},"content":{"rendered":"\n<section class=\"block block-text\">\n\t<div class=\"block-inner block-text-inner\">\n\t\t\t\t\t<h2 class=\"fade-in\">Exclusively Swiss. <strong>Partnering for Lasting Success<\/strong>.\n<\/h2>\n\t\t\t<\/div>\n<\/section>\n","protected":false},"excerpt":{"rendered":"Exclusively Swiss. Partnering for Lasting Success.","protected":false},"author":1,"featured_media":0,"parent":0,"menu_order":0,"comment_status":"closed","ping_status":"closed","template":"template-contact.php","meta":{"_acf_changed":false,"footnotes":""},"class_list":["post-428","page","type-page","status-publish","hentry"],"acf":[],"yoast_head":"<!-- This site is optimized with the Yoast SEO plugin v25.8 - https:\/\/yoast.com\/wordpress\/plugins\/seo\/ -->\n<title>Contacter \u2013 Enki Capital<\/title>\n<meta name=\"description\" content=\"Contacter Enki Capital, une soci\u00e9t\u00e9 d&#039;investissement sp\u00e9cialis\u00e9e sur le march\u00e9 suisse. Pour une collaboration ou pour entrer en contact.\" \/>\n<meta name=\"robots\" content=\"index, follow, max-snippet:-1, max-image-preview:large, max-video-preview:-1\" \/>\n<link rel=\"canonical\" href=\"https:\/\/enkicapital.ch\/fr\/contact\/\" \/>\n<meta property=\"og:locale\" content=\"fr_FR\" \/>\n<meta property=\"og:type\" content=\"article\" \/>\n<meta property=\"og:title\" content=\"Contacter \u2013 Enki Capital\" \/>\n<meta property=\"og:description\" content=\"Contacter Enki Capital, une soci\u00e9t\u00e9 d&#039;investissement sp\u00e9cialis\u00e9e sur le march\u00e9 suisse. Pour une collaboration ou pour entrer en contact.\" \/>\n<meta property=\"og:url\" content=\"https:\/\/enkicapital.ch\/fr\/contact\/\" \/>\n<meta property=\"og:site_name\" content=\"Enki Capital\" \/>\n<meta property=\"article:modified_time\" content=\"2025-10-01T11:21:18+00:00\" \/>\n<meta name=\"twitter:card\" content=\"summary_large_image\" \/>\n<script type=\"application\/ld+json\" class=\"yoast-schema-graph\">{\"@context\":\"https:\/\/schema.org\",\"@graph\":[{\"@type\":\"WebPage\",\"@id\":\"https:\/\/enkicapital.ch\/fr\/contact\/\",\"url\":\"https:\/\/enkicapital.ch\/fr\/contact\/\",\"name\":\"Contacter \u2013 Enki Capital\",\"isPartOf\":{\"@id\":\"https:\/\/enkicapital.ch\/fr\/#website\"},\"datePublished\":\"2025-08-08T14:44:36+00:00\",\"dateModified\":\"2025-10-01T11:21:18+00:00\",\"description\":\"Contacter Enki Capital, une soci\u00e9t\u00e9 d'investissement sp\u00e9cialis\u00e9e sur le march\u00e9 suisse. Pour une collaboration ou pour entrer en contact.\",\"breadcrumb\":{\"@id\":\"https:\/\/enkicapital.ch\/fr\/contact\/#breadcrumb\"},\"inLanguage\":\"fr-FR\",\"potentialAction\":[{\"@type\":\"ReadAction\",\"target\":[\"https:\/\/enkicapital.ch\/fr\/contact\/\"]}]},{\"@type\":\"BreadcrumbList\",\"@id\":\"https:\/\/enkicapital.ch\/fr\/contact\/#breadcrumb\",\"itemListElement\":[{\"@type\":\"ListItem\",\"position\":1,\"name\":\"Home\",\"item\":\"https:\/\/enkicapital.ch\/fr\/\"},{\"@type\":\"ListItem\",\"position\":2,\"name\":\"Contact\"}]},{\"@type\":\"WebSite\",\"@id\":\"https:\/\/enkicapital.ch\/fr\/#website\",\"url\":\"https:\/\/enkicapital.ch\/fr\/\",\"name\":\"Enki Capital\",\"description\":\"Swiss-focused Investment Firm\",\"potentialAction\":[{\"@type\":\"SearchAction\",\"target\":{\"@type\":\"EntryPoint\",\"urlTemplate\":\"https:\/\/enkicapital.ch\/fr\/?s={search_term_string}\"},\"query-input\":{\"@type\":\"PropertyValueSpecification\",\"valueRequired\":true,\"valueName\":\"search_term_string\"}}],\"inLanguage\":\"fr-FR\"}]}<\/script>\n<!-- \/ Yoast SEO plugin. -->","yoast_head_json":{"title":"Contacter \u2013 Enki Capital","description":"Contacter Enki Capital, une soci\u00e9t\u00e9 d'investissement sp\u00e9cialis\u00e9e sur le march\u00e9 suisse. Pour une collaboration ou pour entrer en contact.","robots":{"index":"index","follow":"follow","max-snippet":"max-snippet:-1","max-image-preview":"max-image-preview:large","max-video-preview":"max-video-preview:-1"},"canonical":"https:\/\/enkicapital.ch\/fr\/contact\/","og_locale":"fr_FR","og_type":"article","og_title":"Contacter \u2013 Enki Capital","og_description":"Contacter Enki Capital, une soci\u00e9t\u00e9 d'investissement sp\u00e9cialis\u00e9e sur le march\u00e9 suisse. Pour une collaboration ou pour entrer en contact.","og_url":"https:\/\/enkicapital.ch\/fr\/contact\/","og_site_name":"Enki Capital","article_modified_time":"2025-10-01T11:21:18+00:00","twitter_card":"summary_large_image","schema":{"@context":"https:\/\/schema.org","@graph":[{"@type":"WebPage","@id":"https:\/\/enkicapital.ch\/fr\/contact\/","url":"https:\/\/enkicapital.ch\/fr\/contact\/","name":"Contacter \u2013 Enki Capital","isPartOf":{"@id":"https:\/\/enkicapital.ch\/fr\/#website"},"datePublished":"2025-08-08T14:44:36+00:00","dateModified":"2025-10-01T11:21:18+00:00","description":"Contacter Enki Capital, une soci\u00e9t\u00e9 d'investissement sp\u00e9cialis\u00e9e sur le march\u00e9 suisse. Pour une collaboration ou pour entrer en contact.","breadcrumb":{"@id":"https:\/\/enkicapital.ch\/fr\/contact\/#breadcrumb"},"inLanguage":"fr-FR","potentialAction":[{"@type":"ReadAction","target":["https:\/\/enkicapital.ch\/fr\/contact\/"]}]},{"@type":"BreadcrumbList","@id":"https:\/\/enkicapital.ch\/fr\/contact\/#breadcrumb","itemListElement":[{"@type":"ListItem","position":1,"name":"Home","item":"https:\/\/enkicapital.ch\/fr\/"},{"@type":"ListItem","position":2,"name":"Contact"}]},{"@type":"WebSite","@id":"https:\/\/enkicapital.ch\/fr\/#website","url":"https:\/\/enkicapital.ch\/fr\/","name":"Enki Capital","description":"Swiss-focused Investment Firm","potentialAction":[{"@type":"SearchAction","target":{"@type":"EntryPoint","urlTemplate":"https:\/\/enkicapital.ch\/fr\/?s={search_term_string}"},"query-input":{"@type":"PropertyValueSpecification","valueRequired":true,"valueName":"search_term_string"}}],"inLanguage":"fr-FR"}]}},"_links":{"self":[{"href":"https:\/\/enkicapital.ch\/fr\/wp-json\/wp\/v2\/pages\/428","targetHints":{"allow":["GET"]}}],"collection":[{"href":"https:\/\/enkicapital.ch\/fr\/wp-json\/wp\/v2\/pages"}],"about":[{"href":"https:\/\/enkicapital.ch\/fr\/wp-json\/wp\/v2\/types\/page"}],"author":[{"embeddable":true,"href":"https:\/\/enkicapital.ch\/fr\/wp-json\/wp\/v2\/users\/1"}],"replies":[{"embeddable":true,"href":"https:\/\/enkicapital.ch\/fr\/wp-json\/wp\/v2\/comments?post=428"}],"version-history":[{"count":8,"href":"https:\/\/enkicapital.ch\/fr\/wp-json\/wp\/v2\/pages\/428\/revisions"}],"predecessor-version":[{"id":592,"href":"https:\/\/enkicapital.ch\/fr\/wp-json\/wp\/v2\/pages\/428\/revisions\/592"}],"wp:attachment":[{"href":"https:\/\/enkicapital.ch\/fr\/wp-json\/wp\/v2\/media?parent=428"}],"curies":[{"name":"wp","href":"https:\/\/api.w.org\/{rel}","templated":true}]}}